{"id":5056,"date":"2023-09-14T11:18:27","date_gmt":"2023-09-14T10:18:27","guid":{"rendered":"http:\/\/www.prolingua.info\/?page_id=5056"},"modified":"2023-09-14T11:18:27","modified_gmt":"2023-09-14T10:18:27","slug":"motivationsveranstaltungen-fur-schulen","status":"publish","type":"page","link":"https:\/\/prolingua.info\/de\/de\/motivationsveranstaltungen-fur-schulen\/","title":{"rendered":"Motivationsveranstaltungen f\u00fcr Schulen"},"content":{"rendered":"<p>    Das Projekt &#8220;<em>Deutsch ist super<\/em>&#8221; wurde 2010 am Institut f\u00fcr Fremdsprachen der Schlesischen Universit\u00e4t in Opava mit dem Ziel ins Leben gerufen, den Deutschunterricht an Schulen aktiv zu f\u00f6rdern. Jedes Jahr nehmen mehr als 550 Sch\u00fclerinnen und Sch\u00fcler aus mehr als zw\u00f6lf Schulen in der M\u00e4hrisch-Schlesischen Region an der Veranstaltung teil.<\/p>\n<p>Studierende der Schlesischen Universit\u00e4t sowie Sch\u00fclerinnen und Sch\u00fcler der Hotelfachschule in Opava und des Mikul\u00e1\u0161-Kopern\u00edk-Gymnasiums in B\u00edlovec haben Stationen vorbereitet, an denen die Teilnehmerinnen und Teilnehmer in Gruppen Aufgaben in Form von Spielen, R\u00e4tseln, Kreuzwortr\u00e4tseln, Puzzles oder der Zuordnung von Bildern zu deutschen W\u00f6rtern zu l\u00f6sen haben. An diesem einmaligen Vormittag lernen die Teilnehmerinnen und Teilnehmer eine f\u00fcr sie noch unbekannte Fremdsprache kennen. Auf spielerische und unterhaltsame Art und Weise k\u00f6nnen sie entdecken, dass sie keine Angst vor der deutschen Sprache haben m\u00fcssen.        <strong>Finanzielle Unterst\u00fctzung:<\/strong><\/p>\n<ul>\n<li>Gemeinn\u00fctzige Hermann-Niermann-Stiftung, Bundesrepublik Deutschland<\/li>\n<li>Bundesministerium des Innern, Bundesrepublik Deutschland<\/li>\n<li>Bildungs- und Sozialwerk, gemeinn\u00fctzige Gesellschaft, Opava<\/li>\n<li>Goethe-Institut Prag<\/li>\n<li>Hueber Verlag, Bundesrepublik Deutschland<\/li>\n<\/ul>\n<p style=\"text-align: center\">Im Jahr 2022 entstand eine neue Motivationsveranstaltung f\u00fcr die Sekundarstufe, um Sch\u00fclerinnen und Sch\u00fcler, die Deutsch lernen, zu aktivieren. Unsere Mitarbeiterinnen Eva Czechov\u00e1, Barbora Bro\u017eovi\u010dov\u00e1 und Mark\u00e9ta \u0160malcov\u00e1 haben f\u00fcr die Gruppen ein interaktives <strong><em>Exit Game<\/em><\/strong> zum Thema <em>Goethes-Schatz<\/em> vorbereitet.<\/p>\n<p style=\"text-align: center\">Diese Veranstaltung, die wir mehrmals wiederholt haben, wurde von Sch\u00fclern und Lehrern sehr gut angenommen.<\/p>\n<p style=\"text-align: center\">Die Materialien wurden auch dank der Unterst\u00fctzung des vom Ministerium f\u00fcr Bildung und Wissenschaft finanzierten Projekts &#8220;Unterst\u00fctzung der Bildung von Kindern der deutschen Minderheit in nicht-minderheitlichen Regelschulen im Jahr 2022&#8221; erstellt und sind hier erh\u00e4ltlich:\u00a0 <a href=\"http:\/\/www.prolingua.info\/wp-content\/uploads\/2023\/03\/Exit-Game_Goethes-Schatz_Pro-Lingua.pdf\">Exit Game_Goethes Schatz_Pro Lingua<\/a><\/p>\n","protected":false},"excerpt":{"rendered":"<p>Das Projekt &#8220;Deutsch ist super&#8221; wurde 2010 am Institut f\u00fcr Fremdsprachen der Schlesischen Universit\u00e4t in Opava mit dem Ziel ins Leben gerufen, den Deutschunterricht an Schulen aktiv zu f\u00f6rdern. Jedes Jahr nehmen mehr als 550 Sch\u00fclerinnen und Sch\u00fcler aus mehr als zw\u00f6lf Schulen in der M\u00e4hrisch-Schlesischen Region an der Veranstaltung teil. Studierende der Schlesischen Universit\u00e4t [&hellip;]<\/p>\n","protected":false},"author":1,"featured_media":0,"parent":5029,"menu_order":0,"comment_status":"closed","ping_status":"closed","template":"","meta":{"inline_featured_image":false,"footnotes":""},"class_list":["post-5056","page","type-page","status-publish","hentry"],"_links":{"self":[{"href":"https:\/\/prolingua.info\/de\/wp-json\/wp\/v2\/pages\/5056","targetHints":{"allow":["GET"]}}],"collection":[{"href":"https:\/\/prolingua.info\/de\/wp-json\/wp\/v2\/pages"}],"about":[{"href":"https:\/\/prolingua.info\/de\/wp-json\/wp\/v2\/types\/page"}],"author":[{"embeddable":true,"href":"https:\/\/prolingua.info\/de\/wp-json\/wp\/v2\/users\/1"}],"replies":[{"embeddable":true,"href":"https:\/\/prolingua.info\/de\/wp-json\/wp\/v2\/comments?post=5056"}],"version-history":[{"count":0,"href":"https:\/\/prolingua.info\/de\/wp-json\/wp\/v2\/pages\/5056\/revisions"}],"up":[{"embeddable":true,"href":"https:\/\/prolingua.info\/de\/wp-json\/wp\/v2\/pages\/5029"}],"wp:attachment":[{"href":"https:\/\/prolingua.info\/de\/wp-json\/wp\/v2\/media?parent=5056"}],"curies":[{"name":"wp","href":"https:\/\/api.w.org\/{rel}","templated":true}]}}