{"id":5566,"date":"2025-05-06T20:28:19","date_gmt":"2025-05-06T18:28:19","guid":{"rendered":"https:\/\/prolingua.info\/de\/?page_id=5566"},"modified":"2025-05-06T20:28:19","modified_gmt":"2025-05-06T18:28:19","slug":"deutsch-ist-super","status":"publish","type":"page","link":"https:\/\/prolingua.info\/de\/deutsch-ist-super\/","title":{"rendered":"Deutsch ist super"},"content":{"rendered":"\n<p>Das Projekt \u201eDeutsch ist super\u201c wurde 2010 unter der Schirmherrschaft des Fremdspracheninstituts der Schlesischen Universit\u00e4t Opava mit dem Ziel ins Leben gerufen, den Deutschunterricht an Schulen aktiv zu f\u00f6rdern. Mehr als 550 Sch\u00fclerinnen und Sch\u00fcler aus mehr als zw\u00f6lf Schulen in der M\u00e4hrisch-Schlesischen Region nehmen jedes Jahr an der Veranstaltung teil.&nbsp;<\/p>\n\n\n\n<p>Studierende der Schlesischen Universit\u00e4t, der Hotelfachschule Opava haben Stationen vorbereitet, an denen die Sch\u00fclerinnen und Sch\u00fcler in Gruppen Aufgaben in Form von Spielen, R\u00e4tseln, Kreuzwortr\u00e4tseln, Puzzles oder der Zuordnung von Bildern zu deutschen W\u00f6rtern l\u00f6sen k\u00f6nnen. An diesem unkonventionellen Vormittag werden die Sch\u00fclerinnen und Sch\u00fcler mit einer ihnen noch unbekannten Fremdsprache konfrontiert. Auf spielerische und unterhaltsame Weise k\u00f6nnen sie entdecken, dass sie keine Angst vor der deutschen Sprache haben m\u00fcssen.&nbsp; Das Projekt wird finanziell unterst\u00fctzt von:&nbsp;<\/p>\n\n\n\n<p>Motivationsveranstaltung f\u00fcr Anf\u00e4nger Deutsch ist super!<\/p>\n\n\n\n<p><strong>warum:<\/strong><\/p>\n\n\n\n<p>F\u00f6rderung des Deutschunterrichts in den Grundschulen<\/p>\n\n\n\n<p>Sch\u00fclern, die sich f\u00fcr eine zweite Fremdsprache entscheiden, zeigen, dass sie keine Angst vor Deutsch haben m\u00fcssen<\/p>\n\n\n\n<p><strong>was:<\/strong><\/p>\n\n\n\n<p>Arbeit an Stationen mit vorbereiteten Aufgaben<\/p>\n\n\n\n<p><strong>wo:\u00a0<\/strong><\/p>\n\n\n\n<p>an Grundschulen in der Region sowie an der H\u00f6heren Schule f\u00fcr Hotel- und Dienstleistungsmanagement und der P\u00e4dagogischen Hochschule in Opava<\/p>\n\n\n\n<p><strong>wann:<\/strong><\/p>\n\n\n\n<p>nach Vereinbarung, meistens im Fr\u00fchjahr, wenn die Sch\u00fcler ihre zweite Fremdsprache w\u00e4hlen (M\u00e4rz, April, Mai)<\/p>\n\n\n\n<p><strong>f\u00fcr wen:<\/strong><\/p>\n\n\n\n<p>f\u00fcr Sch\u00fcler der 6. Klasse der Grundschulen, die zweite FRemdsprache w\u00e4hlen<\/p>\n\n\n\n<p><strong>mit wem:\u00a0<\/strong><\/p>\n\n\n\n<p>Sch\u00fcler der Hotelschule und Dienstleistungen und der H\u00f6heren Schule f\u00fcr Wirtschaft in Opava, unter der Leitung von Mgr. Michaela Kry\u0161p\u00ednov\u00e1,<\/p>\n\n\n\n<p>Studenten der Germanistik an der Schlesischen Universit\u00e4t in Opava<\/p>\n\n\n\n<p><strong>Kontakt:\u00a0<\/strong><\/p>\n\n\n\n<p>Jana N\u00e1lepov\u00e1, jana.nalepova@fpf.slu.cz<\/p>\n\n\n\n<p>Unterst\u00fctzt von:<\/p>\n\n\n\n<p>Bohemia Troppau<\/p>\n\n\n\n<p>Bundesministerium des Innern, Bundesrepublik Deutschland<\/p>\n\n\n\n<p>Bundesministerium des Innern, Bundesrepublik Deutschland<\/p>\n\n\n\n<p>Ministerium f\u00fcr Bildung, Jugend und Sport der Tschechischen Republik<\/p>\n\n\n\n<p>Goethe-Institut Prag<\/p>\n\n\n\n<p>Hueber Verlag<\/p>\n\n\n\n<p>Deutscher Akademischer Austauschdienst (DAAD)<\/p>\n\n\n\n<p>Landesversammlung der deutschen Vereine in Tschechien<\/p>\n","protected":false},"excerpt":{"rendered":"<p>Das Projekt \u201eDeutsch ist super\u201c wurde 2010 unter der Schirmherrschaft des Fremdspracheninstituts der Schlesischen Universit\u00e4t Opava mit dem Ziel ins Leben gerufen, den Deutschunterricht an Schulen aktiv zu f\u00f6rdern. Mehr als 550 Sch\u00fclerinnen und Sch\u00fcler aus mehr als zw\u00f6lf Schulen in der M\u00e4hrisch-Schlesischen Region nehmen jedes Jahr an der Veranstaltung teil.&nbsp; Studierende der Schlesischen Universit\u00e4t, [&hellip;]<\/p>\n","protected":false},"author":1,"featured_media":0,"parent":0,"menu_order":0,"comment_status":"closed","ping_status":"closed","template":"","meta":{"inline_featured_image":false,"footnotes":""},"class_list":["post-5566","page","type-page","status-publish","hentry"],"_links":{"self":[{"href":"https:\/\/prolingua.info\/de\/wp-json\/wp\/v2\/pages\/5566","targetHints":{"allow":["GET"]}}],"collection":[{"href":"https:\/\/prolingua.info\/de\/wp-json\/wp\/v2\/pages"}],"about":[{"href":"https:\/\/prolingua.info\/de\/wp-json\/wp\/v2\/types\/page"}],"author":[{"embeddable":true,"href":"https:\/\/prolingua.info\/de\/wp-json\/wp\/v2\/users\/1"}],"replies":[{"embeddable":true,"href":"https:\/\/prolingua.info\/de\/wp-json\/wp\/v2\/comments?post=5566"}],"version-history":[{"count":1,"href":"https:\/\/prolingua.info\/de\/wp-json\/wp\/v2\/pages\/5566\/revisions"}],"predecessor-version":[{"id":5567,"href":"https:\/\/prolingua.info\/de\/wp-json\/wp\/v2\/pages\/5566\/revisions\/5567"}],"wp:attachment":[{"href":"https:\/\/prolingua.info\/de\/wp-json\/wp\/v2\/media?parent=5566"}],"curies":[{"name":"wp","href":"https:\/\/api.w.org\/{rel}","templated":true}]}}